{"id":33,"date":"2025-05-26T17:56:59","date_gmt":"2025-05-26T17:56:59","guid":{"rendered":"https:\/\/portal.guardianesdelsur.com.mx\/?page_id=33"},"modified":"2025-05-26T18:12:49","modified_gmt":"2025-05-26T18:12:49","slug":"colonias-participantes","status":"publish","type":"page","link":"https:\/\/portal.guardianesdelsur.com.mx\/?page_id=33","title":{"rendered":"Colonias Participantes"},"content":{"rendered":"\n<h2 class=\"wp-block-heading\">Colonia Del Fresno<\/h2>\n\n\n\n<p><strong>La colonia Del Fresno en Guadalajara es un encantador rinc\u00f3n lleno de tradici\u00f3n y sabor, donde la vida comunitaria y la gastronom\u00eda se entrelazan.<\/strong> Su coraz\u00f3n late en el <strong>Mercado Municipal Adri\u00e1n Puga<\/strong>, un lugar ic\u00f3nico donde los aromas de comida casera, antojitos t\u00edpicos y ingredientes frescos conquistan a todo visitante. Aqu\u00ed, las familias llevan generaciones deleit\u00e1ndose con platillos como birria, tortas ahogadas y pozole, preparados con recetas heredadas. La fe y la cultura se re\u00fanen en el <strong>Templo de Mar\u00eda Reparadora<\/strong>, punto espiritual donde los habitantes acuden a misas y celebraciones que fortalecen su identidad. Las calles de Del Fresno guardan historias de vecinos c\u00e1lidos y arraigados, mientras que sus numerosos puestos callejeros, fondas y peque\u00f1os restaurantes \u2014desde tacos al pastor hasta dulces tradicionales\u2014 convierten cada comida en una experiencia memorable. <strong>Es una colonia que preserva el alma tapat\u00eda: aut\u00e9ntica, hospitalaria y llena de sabores que narran su historia.<\/strong><\/p>\n\n\n\n<figure class=\"wp-block-gallery has-nested-images columns-default is-cropped wp-block-gallery-1 is-layout-flex wp-block-gallery-is-layout-flex\">\n<figure class=\"wp-block-image size-large\"><img loading=\"lazy\" decoding=\"async\" width=\"1024\" height=\"536\" data-id=\"37\" src=\"https:\/\/portal.guardianesdelsur.com.mx\/wp-content\/uploads\/2025\/05\/mercado-adrian-puga-entrada-1024x536.jpg\" alt=\"\" class=\"wp-image-37\" srcset=\"https:\/\/portal.guardianesdelsur.com.mx\/wp-content\/uploads\/2025\/05\/mercado-adrian-puga-entrada-1024x536.jpg 1024w, https:\/\/portal.guardianesdelsur.com.mx\/wp-content\/uploads\/2025\/05\/mercado-adrian-puga-entrada-300x157.jpg 300w, https:\/\/portal.guardianesdelsur.com.mx\/wp-content\/uploads\/2025\/05\/mercado-adrian-puga-entrada.jpg 1200w\" sizes=\"auto, (max-width: 1024px) 100vw, 1024px\" \/><\/figure>\n\n\n\n<figure class=\"wp-block-image size-large\"><img loading=\"lazy\" decoding=\"async\" width=\"1024\" height=\"1365\" data-id=\"43\" src=\"https:\/\/portal.guardianesdelsur.com.mx\/wp-content\/uploads\/2025\/05\/486588729_4142366725998495_1116189747356332294_n-edited.jpg\" alt=\"\" class=\"wp-image-43\" srcset=\"https:\/\/portal.guardianesdelsur.com.mx\/wp-content\/uploads\/2025\/05\/486588729_4142366725998495_1116189747356332294_n-edited.jpg 1024w, https:\/\/portal.guardianesdelsur.com.mx\/wp-content\/uploads\/2025\/05\/486588729_4142366725998495_1116189747356332294_n-edited-225x300.jpg 225w, https:\/\/portal.guardianesdelsur.com.mx\/wp-content\/uploads\/2025\/05\/486588729_4142366725998495_1116189747356332294_n-edited-768x1024.jpg 768w\" sizes=\"auto, (max-width: 1024px) 100vw, 1024px\" \/><\/figure>\n\n\n\n<figure class=\"wp-block-image size-large\"><img loading=\"lazy\" decoding=\"async\" width=\"1024\" height=\"1365\" data-id=\"44\" src=\"https:\/\/portal.guardianesdelsur.com.mx\/wp-content\/uploads\/2025\/05\/486566878_4142366995998468_6599661141069899421_n-edited.jpg\" alt=\"\" class=\"wp-image-44\" srcset=\"https:\/\/portal.guardianesdelsur.com.mx\/wp-content\/uploads\/2025\/05\/486566878_4142366995998468_6599661141069899421_n-edited.jpg 1024w, https:\/\/portal.guardianesdelsur.com.mx\/wp-content\/uploads\/2025\/05\/486566878_4142366995998468_6599661141069899421_n-edited-225x300.jpg 225w, https:\/\/portal.guardianesdelsur.com.mx\/wp-content\/uploads\/2025\/05\/486566878_4142366995998468_6599661141069899421_n-edited-768x1024.jpg 768w\" sizes=\"auto, (max-width: 1024px) 100vw, 1024px\" \/><\/figure>\n<\/figure>\n\n\n\n<h2 class=\"wp-block-heading\">Colonia del Sur<\/h2>\n\n\n\n<p><strong>Vivir en la colonia Del Sur de Guadalajara ofrece una experiencia \u00fanica, donde la vida comunitaria, la buena comida y el progreso social se combinan para crear un entorno vibrante y acogedor.<\/strong> El coraz\u00f3n econ\u00f3mico y gastron\u00f3mico de la zona es el <strong>Mercado de Abastos de Guadalajara<\/strong>, un para\u00edso para los amantes de la cocina, donde se consiguen ingredientes frescos, verduras a precios accesibles y platillos tradicionales que deleitan el paladar, desde birria y pozole hasta antojitos t\u00edpicos. Lo que realmente distingue a esta colonia es el <strong>esp\u00edritu de superaci\u00f3n de sus habitantes<\/strong>, quienes trabajan unidos para mejorar su entorno, fomentando proyectos sociales, seguridad vecinal y actividades culturales que fortalecen el tejido comunitario. Las calles est\u00e1n llenas de peque\u00f1os negocios familiares, fondas con saz\u00f3n casero y cafeter\u00edas con encanto, donde la calidez de sus residentes hace que todos se sientan como en casa. <strong>Colonia Del Sur no solo es un lugar para vivir, sino un espacio en constante evoluci\u00f3n, donde la tradici\u00f3n, el sabor y el compromiso social se fusionan para crear una calidad de vida excepcional.<\/strong><\/p>\n\n\n\n<figure class=\"wp-block-gallery has-nested-images columns-default is-cropped wp-block-gallery-2 is-layout-flex wp-block-gallery-is-layout-flex\">\n<figure class=\"wp-block-image size-large\"><img loading=\"lazy\" decoding=\"async\" width=\"1024\" height=\"576\" data-id=\"47\" src=\"https:\/\/portal.guardianesdelsur.com.mx\/wp-content\/uploads\/2025\/05\/498534607_1228278058893551_7092908667169761042_n-1024x576.jpg\" alt=\"\" class=\"wp-image-47\" srcset=\"https:\/\/portal.guardianesdelsur.com.mx\/wp-content\/uploads\/2025\/05\/498534607_1228278058893551_7092908667169761042_n-1024x576.jpg 1024w, https:\/\/portal.guardianesdelsur.com.mx\/wp-content\/uploads\/2025\/05\/498534607_1228278058893551_7092908667169761042_n-300x169.jpg 300w, https:\/\/portal.guardianesdelsur.com.mx\/wp-content\/uploads\/2025\/05\/498534607_1228278058893551_7092908667169761042_n.jpg 1080w\" sizes=\"auto, (max-width: 1024px) 100vw, 1024px\" \/><\/figure>\n\n\n\n<figure class=\"wp-block-image size-large\"><img loading=\"lazy\" decoding=\"async\" width=\"720\" height=\"733\" data-id=\"49\" src=\"https:\/\/portal.guardianesdelsur.com.mx\/wp-content\/uploads\/2025\/05\/497715175_1228278028893554_1201964585747261087_n.jpg\" alt=\"\" class=\"wp-image-49\" srcset=\"https:\/\/portal.guardianesdelsur.com.mx\/wp-content\/uploads\/2025\/05\/497715175_1228278028893554_1201964585747261087_n.jpg 720w, https:\/\/portal.guardianesdelsur.com.mx\/wp-content\/uploads\/2025\/05\/497715175_1228278028893554_1201964585747261087_n-295x300.jpg 295w\" sizes=\"auto, (max-width: 720px) 100vw, 720px\" \/><\/figure>\n\n\n\n<figure class=\"wp-block-image size-large\"><img loading=\"lazy\" decoding=\"async\" width=\"716\" height=\"960\" data-id=\"48\" src=\"https:\/\/portal.guardianesdelsur.com.mx\/wp-content\/uploads\/2025\/05\/497449735_1228277935560230_2489281445478851144_n.jpg\" alt=\"\" class=\"wp-image-48\" srcset=\"https:\/\/portal.guardianesdelsur.com.mx\/wp-content\/uploads\/2025\/05\/497449735_1228277935560230_2489281445478851144_n.jpg 716w, https:\/\/portal.guardianesdelsur.com.mx\/wp-content\/uploads\/2025\/05\/497449735_1228277935560230_2489281445478851144_n-224x300.jpg 224w\" sizes=\"auto, (max-width: 716px) 100vw, 716px\" \/><\/figure>\n<\/figure>\n","protected":false},"excerpt":{"rendered":"<p>Colonia Del Fresno La colonia Del Fresno en Guadalajara es un encantador rinc\u00f3n lleno de tradici\u00f3n y sabor, donde la vida comunitaria y la gastronom\u00eda se entrelazan. Su coraz\u00f3n late en el Mercado Municipal Adri\u00e1n Puga, un lugar ic\u00f3nico donde los aromas de comida casera, antojitos t\u00edpicos y ingredientes frescos conquistan a todo visitante. Aqu\u00ed, &hellip; <\/p>\n<p class=\"link-more\"><a href=\"https:\/\/portal.guardianesdelsur.com.mx\/?page_id=33\" class=\"more-link\">Leer m\u00e1s<span class=\"screen-reader-text\"> \u00abColonias Participantes\u00bb<\/span><\/a><\/p>\n","protected":false},"author":1,"featured_media":0,"parent":0,"menu_order":0,"comment_status":"closed","ping_status":"closed","template":"","meta":{"footnotes":""},"class_list":["post-33","page","type-page","status-publish","hentry"],"jetpack_sharing_enabled":true,"_links":{"self":[{"href":"https:\/\/portal.guardianesdelsur.com.mx\/index.php?rest_route=\/wp\/v2\/pages\/33","targetHints":{"allow":["GET"]}}],"collection":[{"href":"https:\/\/portal.guardianesdelsur.com.mx\/index.php?rest_route=\/wp\/v2\/pages"}],"about":[{"href":"https:\/\/portal.guardianesdelsur.com.mx\/index.php?rest_route=\/wp\/v2\/types\/page"}],"author":[{"embeddable":true,"href":"https:\/\/portal.guardianesdelsur.com.mx\/index.php?rest_route=\/wp\/v2\/users\/1"}],"replies":[{"embeddable":true,"href":"https:\/\/portal.guardianesdelsur.com.mx\/index.php?rest_route=%2Fwp%2Fv2%2Fcomments&post=33"}],"version-history":[{"count":5,"href":"https:\/\/portal.guardianesdelsur.com.mx\/index.php?rest_route=\/wp\/v2\/pages\/33\/revisions"}],"predecessor-version":[{"id":50,"href":"https:\/\/portal.guardianesdelsur.com.mx\/index.php?rest_route=\/wp\/v2\/pages\/33\/revisions\/50"}],"wp:attachment":[{"href":"https:\/\/portal.guardianesdelsur.com.mx\/index.php?rest_route=%2Fwp%2Fv2%2Fmedia&parent=33"}],"curies":[{"name":"wp","href":"https:\/\/api.w.org\/{rel}","templated":true}]}}